{"id":731,"date":"2021-10-12T19:01:33","date_gmt":"2021-10-12T22:01:33","guid":{"rendered":"https:\/\/fowardsports.com.br\/?post_type=product&#038;p=731"},"modified":"2021-10-12T19:42:28","modified_gmt":"2021-10-12T22:42:28","slug":"camisa-ciclista-gola-alta","status":"publish","type":"product","link":"http:\/\/fowardsports.com.br\/?product=camisa-ciclista-gola-alta","title":{"rendered":"Camisa Unissex Ciclista &#8211; Gola Alta"},"content":{"rendered":"","protected":false},"excerpt":{"rendered":"<p>Camisas com mangas e barras com el\u00e1stico ajust\u00e1veis ao corpo, bolso traseiro para levar itens essenciais e gola alta para maior prote\u00e7\u00e3o. Tecido de alta tecnologia, absor\u00e7\u00e3o e prote\u00e7\u00e3o UV. Para personalizar entre em contato pelo WhatsApp.<\/p>\n","protected":false},"featured_media":734,"comment_status":"open","ping_status":"closed","template":"","meta":[],"product_cat":[15,17],"product_tag":[],"class_list":{"0":"post-731","1":"product","2":"type-product","3":"status-publish","4":"has-post-thumbnail","6":"product_cat-masculino","7":"product_cat-feminino","9":"first","10":"instock","11":"taxable","12":"shipping-taxable","13":"purchasable","14":"product-type-variable"},"_links":{"self":[{"href":"http:\/\/fowardsports.com.br\/index.php?rest_route=\/wp\/v2\/product\/731","targetHints":{"allow":["GET"]}}],"collection":[{"href":"http:\/\/fowardsports.com.br\/index.php?rest_route=\/wp\/v2\/product"}],"about":[{"href":"http:\/\/fowardsports.com.br\/index.php?rest_route=\/wp\/v2\/types\/product"}],"replies":[{"embeddable":true,"href":"http:\/\/fowardsports.com.br\/index.php?rest_route=%2Fwp%2Fv2%2Fcomments&post=731"}],"wp:featuredmedia":[{"embeddable":true,"href":"http:\/\/fowardsports.com.br\/index.php?rest_route=\/wp\/v2\/media\/734"}],"wp:attachment":[{"href":"http:\/\/fowardsports.com.br\/index.php?rest_route=%2Fwp%2Fv2%2Fmedia&parent=731"}],"wp:term":[{"taxonomy":"product_cat","embeddable":true,"href":"http:\/\/fowardsports.com.br\/index.php?rest_route=%2Fwp%2Fv2%2Fproduct_cat&post=731"},{"taxonomy":"product_tag","embeddable":true,"href":"http:\/\/fowardsports.com.br\/index.php?rest_route=%2Fwp%2Fv2%2Fproduct_tag&post=731"}],"curies":[{"name":"wp","href":"https:\/\/api.w.org\/{rel}","templated":true}]}}