{"id":279,"date":"2020-03-18T15:35:09","date_gmt":"2020-03-18T15:35:09","guid":{"rendered":"https:\/\/demo.creativethemes.com\/blocksy\/modern-shop\/?post_type=product&#038;p=279"},"modified":"2021-09-30T09:24:25","modified_gmt":"2021-09-30T12:24:25","slug":"neque-laoreet-suspendisse-interdum-consectetur","status":"publish","type":"product","link":"http:\/\/fowardsports.com.br\/?product=neque-laoreet-suspendisse-interdum-consectetur","title":{"rendered":"Camisa Ciclista  &#8211; Vermelha e Preta"},"content":{"rendered":"","protected":false},"excerpt":{"rendered":"<p>Camisas com mangas e barras com el\u00e1stico ajust\u00e1veis ao corpo e bolso traseiro para levar itens essenciais. Tecido de alta tecnologia, absor\u00e7\u00e3o e prote\u00e7\u00e3o UV.<\/p>\n","protected":false},"featured_media":584,"comment_status":"open","ping_status":"closed","template":"","meta":[],"product_cat":[15],"product_tag":[],"class_list":{"0":"post-279","1":"product","2":"type-product","3":"status-publish","4":"has-post-thumbnail","6":"product_cat-masculino","8":"first","9":"instock","10":"taxable","11":"shipping-taxable","12":"purchasable","13":"product-type-variable"},"_links":{"self":[{"href":"http:\/\/fowardsports.com.br\/index.php?rest_route=\/wp\/v2\/product\/279","targetHints":{"allow":["GET"]}}],"collection":[{"href":"http:\/\/fowardsports.com.br\/index.php?rest_route=\/wp\/v2\/product"}],"about":[{"href":"http:\/\/fowardsports.com.br\/index.php?rest_route=\/wp\/v2\/types\/product"}],"replies":[{"embeddable":true,"href":"http:\/\/fowardsports.com.br\/index.php?rest_route=%2Fwp%2Fv2%2Fcomments&post=279"}],"wp:featuredmedia":[{"embeddable":true,"href":"http:\/\/fowardsports.com.br\/index.php?rest_route=\/wp\/v2\/media\/584"}],"wp:attachment":[{"href":"http:\/\/fowardsports.com.br\/index.php?rest_route=%2Fwp%2Fv2%2Fmedia&parent=279"}],"wp:term":[{"taxonomy":"product_cat","embeddable":true,"href":"http:\/\/fowardsports.com.br\/index.php?rest_route=%2Fwp%2Fv2%2Fproduct_cat&post=279"},{"taxonomy":"product_tag","embeddable":true,"href":"http:\/\/fowardsports.com.br\/index.php?rest_route=%2Fwp%2Fv2%2Fproduct_tag&post=279"}],"curies":[{"name":"wp","href":"https:\/\/api.w.org\/{rel}","templated":true}]}}