{"id":170,"date":"2020-03-16T09:21:08","date_gmt":"2020-03-16T09:21:08","guid":{"rendered":"https:\/\/demo.creativethemes.com\/blocksy\/modern-shop\/?post_type=product&#038;p=170"},"modified":"2021-09-29T07:41:20","modified_gmt":"2021-09-29T10:41:20","slug":"tellus-molestie-nuncnon-blandit","status":"publish","type":"product","link":"http:\/\/fowardsports.com.br\/?product=tellus-molestie-nuncnon-blandit","title":{"rendered":"Camisa Ciclista &#8211; Azul e Preto"},"content":{"rendered":"","protected":false},"excerpt":{"rendered":"<p>Camisas com mangas e barras com el\u00e1stico ajust\u00e1veis ao corpo e bolso traseiro para levar itens essenciais. Tecido de alta tecnologia, absor\u00e7\u00e3o e prote\u00e7\u00e3o UV.<\/p>\n","protected":false},"featured_media":597,"comment_status":"open","ping_status":"closed","template":"","meta":[],"product_cat":[15],"product_tag":[],"class_list":{"0":"post-170","1":"product","2":"type-product","3":"status-publish","4":"has-post-thumbnail","6":"product_cat-masculino","8":"first","9":"instock","10":"taxable","11":"shipping-taxable","12":"purchasable","13":"product-type-variable"},"_links":{"self":[{"href":"http:\/\/fowardsports.com.br\/index.php?rest_route=\/wp\/v2\/product\/170","targetHints":{"allow":["GET"]}}],"collection":[{"href":"http:\/\/fowardsports.com.br\/index.php?rest_route=\/wp\/v2\/product"}],"about":[{"href":"http:\/\/fowardsports.com.br\/index.php?rest_route=\/wp\/v2\/types\/product"}],"replies":[{"embeddable":true,"href":"http:\/\/fowardsports.com.br\/index.php?rest_route=%2Fwp%2Fv2%2Fcomments&post=170"}],"wp:featuredmedia":[{"embeddable":true,"href":"http:\/\/fowardsports.com.br\/index.php?rest_route=\/wp\/v2\/media\/597"}],"wp:attachment":[{"href":"http:\/\/fowardsports.com.br\/index.php?rest_route=%2Fwp%2Fv2%2Fmedia&parent=170"}],"wp:term":[{"taxonomy":"product_cat","embeddable":true,"href":"http:\/\/fowardsports.com.br\/index.php?rest_route=%2Fwp%2Fv2%2Fproduct_cat&post=170"},{"taxonomy":"product_tag","embeddable":true,"href":"http:\/\/fowardsports.com.br\/index.php?rest_route=%2Fwp%2Fv2%2Fproduct_tag&post=170"}],"curies":[{"name":"wp","href":"https:\/\/api.w.org\/{rel}","templated":true}]}}