{"id":164,"date":"2020-03-16T09:11:32","date_gmt":"2020-03-16T09:11:32","guid":{"rendered":"https:\/\/demo.creativethemes.com\/blocksy\/modern-shop\/?post_type=product&#038;p=164"},"modified":"2021-09-29T07:43:59","modified_gmt":"2021-09-29T10:43:59","slug":"rhoncus-aenean-velelit-scelerisque-mauris","status":"publish","type":"product","link":"http:\/\/fowardsports.com.br\/?product=rhoncus-aenean-velelit-scelerisque-mauris","title":{"rendered":"Camisa Ciclista &#8211; Multicolor"},"content":{"rendered":"","protected":false},"excerpt":{"rendered":"<p>Camisas com mangas e barras com el\u00e1stico ajust\u00e1veis ao corpo e bolso traseiro para levar itens essenciais. Tecido de alta tecnologia, absor\u00e7\u00e3o e prote\u00e7\u00e3o UV.Camisas com mangas e barras com el\u00e1stico ajust\u00e1veis ao corpo e bolso traseiro para levar itens essenciais. Tecido de alta tecnologia, absor\u00e7\u00e3o e prote\u00e7\u00e3o UV.<\/p>\n","protected":false},"featured_media":612,"comment_status":"open","ping_status":"closed","template":"","meta":[],"product_cat":[15],"product_tag":[],"class_list":{"0":"post-164","1":"product","2":"type-product","3":"status-publish","4":"has-post-thumbnail","6":"product_cat-masculino","8":"first","9":"instock","10":"taxable","11":"shipping-taxable","12":"purchasable","13":"product-type-variable"},"_links":{"self":[{"href":"http:\/\/fowardsports.com.br\/index.php?rest_route=\/wp\/v2\/product\/164","targetHints":{"allow":["GET"]}}],"collection":[{"href":"http:\/\/fowardsports.com.br\/index.php?rest_route=\/wp\/v2\/product"}],"about":[{"href":"http:\/\/fowardsports.com.br\/index.php?rest_route=\/wp\/v2\/types\/product"}],"replies":[{"embeddable":true,"href":"http:\/\/fowardsports.com.br\/index.php?rest_route=%2Fwp%2Fv2%2Fcomments&post=164"}],"wp:featuredmedia":[{"embeddable":true,"href":"http:\/\/fowardsports.com.br\/index.php?rest_route=\/wp\/v2\/media\/612"}],"wp:attachment":[{"href":"http:\/\/fowardsports.com.br\/index.php?rest_route=%2Fwp%2Fv2%2Fmedia&parent=164"}],"wp:term":[{"taxonomy":"product_cat","embeddable":true,"href":"http:\/\/fowardsports.com.br\/index.php?rest_route=%2Fwp%2Fv2%2Fproduct_cat&post=164"},{"taxonomy":"product_tag","embeddable":true,"href":"http:\/\/fowardsports.com.br\/index.php?rest_route=%2Fwp%2Fv2%2Fproduct_tag&post=164"}],"curies":[{"name":"wp","href":"https:\/\/api.w.org\/{rel}","templated":true}]}}